{"id":1004,"date":"2012-12-26T11:00:12","date_gmt":"2012-12-26T09:00:12","guid":{"rendered":"http:\/\/kul-tour.ch\/wordpress\/?page_id=1004"},"modified":"2023-10-26T16:10:46","modified_gmt":"2023-10-26T14:10:46","slug":"mit-dem-auto","status":"publish","type":"page","link":"https:\/\/kul-tour.ch\/wordpress\/?page_id=1004","title":{"rendered":"Mit dem Auto"},"content":{"rendered":"<h1><img decoding=\"async\" loading=\"lazy\" class=\"alignnone size-full wp-image-1634\" src=\"http:\/\/kul-tour.ch\/wordpress\/wp-content\/uploads\/2012\/12\/Cady3vorHaus.jpg\" alt=\"Cady3vorHaus\" width=\"800\" height=\"328\" srcset=\"https:\/\/kul-tour.ch\/wordpress\/wp-content\/uploads\/2012\/12\/Cady3vorHaus.jpg 800w, https:\/\/kul-tour.ch\/wordpress\/wp-content\/uploads\/2012\/12\/Cady3vorHaus-300x123.jpg 300w, https:\/\/kul-tour.ch\/wordpress\/wp-content\/uploads\/2012\/12\/Cady3vorHaus-500x205.jpg 500w\" sizes=\"(max-width: 800px) 100vw, 800px\" \/><br>Wegbeschreibung<br><img decoding=\"async\" loading=\"lazy\" class=\"alignleft size-full wp-image-7946\" src=\"http:\/\/kul-tour.ch\/wordpress\/wp-content\/uploads\/2012\/12\/Map.jpg\" alt=\"Map\" width=\"920\" height=\"600\" srcset=\"https:\/\/kul-tour.ch\/wordpress\/wp-content\/uploads\/2012\/12\/Map.jpg 920w, https:\/\/kul-tour.ch\/wordpress\/wp-content\/uploads\/2012\/12\/Map-300x196.jpg 300w, https:\/\/kul-tour.ch\/wordpress\/wp-content\/uploads\/2012\/12\/Map-460x300.jpg 460w\" sizes=\"(max-width: 920px) 100vw, 920px\" \/><\/h1>\n<ul>\n<li><span style=\"font-family: Arial;\">Nehmen Sie von der Autobahn St.Gallen &#8211; Chur die Ausfahrt&nbsp; St.Gallen\/St.Fiden.<\/span><\/li>\n<li><span style=\"font-family: Arial;\"><span style=\"font-family: Arial;\">Folgen Sie den Hinweisschildern&nbsp; nach <strong> Trogen.<\/strong><\/span><\/span><\/li>\n<li><span style=\"font-family: Arial;\"><span style=\"font-family: Arial;\"><span style=\"font-family: Arial;\">Wenn Sie von der <strong>Stadtmitte <\/strong>kommen, folgen Sie ab <strong>Spisertor<\/strong> ebenfalls den Hinweisschildern nach <strong>Trogen, <\/strong>immer entlang&nbsp; der <strong>Trogenerbahn (S21). <\/strong>Nach dem Ortsschild Speicher und nach der Haltestelle V\u00f6gelinsegg biegen Sie in einer scharfen Rechtskurve nach links ab \u00fcber die Bahnschienen auf einen grossen Aussichtsparkplatz. Hier k\u00f6nnen Sie Ihr Auto stehen lassen. Die Strasse &#8222;Hohr\u00fcti&#8220; verl\u00e4sst direkt hinter dem \u00dcbergang nach links den Parkplatz.<\/span><\/span><\/span><\/li>\n<li><span style=\"font-family: Arial;\"><span style=\"font-family: Arial;\"><span style=\"font-family: Arial;\"><span style=\"font-family: Arial;\">Links unterhalb der &#8222;Hohr\u00fcti&#8220;-Einfahrt sehen Sie unser grosses dunkelbraunes Appenzellerhaus. Ein paar Treppenstufen f\u00fchren Sie am WC-H\u00e4uschen vorbei&nbsp; hinab zum Theatereingang.<\/span><\/span><\/span><\/span><\/li>\n<\/ul>\n<p>&nbsp;<\/p>\n\n\n<p class=\"has-background\" style=\"background-color:#383838c7\">KUL-TOUR auf V\u00f6gelinsegg &amp; <a rel=\"noreferrer noopener\" href=\"https:\/\/kul-tour.ch\/wordpress\/?page_id=13143\" data-type=\"page\" data-id=\"13143\" target=\"_blank\">Stiftung Pro Latina<\/a><br>Hohr\u00fcti 1, 9042 Speicher<br>071 340 09 01<br><a rel=\"noreferrer noopener\" href=\"mailto:info@kul-tour.ch\" target=\"_blank\">info@kul-tour.ch<\/a><\/p>\n","protected":false},"excerpt":{"rendered":"<p>Wegbeschreibung Nehmen Sie von der Autobahn St.Gallen &#8211; Chur die Ausfahrt&nbsp; St.Gallen\/St.Fiden. Folgen Sie den Hinweisschildern&nbsp; nach Trogen. Wenn Sie von der Stadtmitte kommen, folgen Sie ab Spisertor ebenfalls den Hinweisschildern nach Trogen, immer entlang&nbsp; der Trogenerbahn (S21). Nach dem &hellip; <a href=\"https:\/\/kul-tour.ch\/wordpress\/?page_id=1004\">Weiterlesen <span class=\"meta-nav\">&rarr;<\/span><\/a><\/p>\n","protected":false},"author":1,"featured_media":0,"parent":1001,"menu_order":0,"comment_status":"closed","ping_status":"closed","template":"","meta":{"ngg_post_thumbnail":0},"_links":{"self":[{"href":"https:\/\/kul-tour.ch\/wordpress\/index.php?rest_route=\/wp\/v2\/pages\/1004"}],"collection":[{"href":"https:\/\/kul-tour.ch\/wordpress\/index.php?rest_route=\/wp\/v2\/pages"}],"about":[{"href":"https:\/\/kul-tour.ch\/wordpress\/index.php?rest_route=\/wp\/v2\/types\/page"}],"author":[{"embeddable":true,"href":"https:\/\/kul-tour.ch\/wordpress\/index.php?rest_route=\/wp\/v2\/users\/1"}],"replies":[{"embeddable":true,"href":"https:\/\/kul-tour.ch\/wordpress\/index.php?rest_route=%2Fwp%2Fv2%2Fcomments&post=1004"}],"version-history":[{"count":27,"href":"https:\/\/kul-tour.ch\/wordpress\/index.php?rest_route=\/wp\/v2\/pages\/1004\/revisions"}],"predecessor-version":[{"id":14208,"href":"https:\/\/kul-tour.ch\/wordpress\/index.php?rest_route=\/wp\/v2\/pages\/1004\/revisions\/14208"}],"up":[{"embeddable":true,"href":"https:\/\/kul-tour.ch\/wordpress\/index.php?rest_route=\/wp\/v2\/pages\/1001"}],"wp:attachment":[{"href":"https:\/\/kul-tour.ch\/wordpress\/index.php?rest_route=%2Fwp%2Fv2%2Fmedia&parent=1004"}],"curies":[{"name":"wp","href":"https:\/\/api.w.org\/{rel}","templated":true}]}}