{"id":14234,"date":"2023-10-31T18:10:24","date_gmt":"2023-10-31T16:10:24","guid":{"rendered":"https:\/\/kul-tour.ch\/wordpress\/?page_id=14234"},"modified":"2023-10-31T18:14:08","modified_gmt":"2023-10-31T16:14:08","slug":"elenea-neff-zhunle","status":"publish","type":"page","link":"https:\/\/kul-tour.ch\/wordpress\/?page_id=14234","title":{"rendered":"Elena Neff Zhunke"},"content":{"rendered":"\n<p><strong>KLANGBOGEN: UKRAINE \u2013 SCHWEIZ<\/strong><\/p>\n\n\n\n<p><strong>PROGRAMM \u201cLICHT UND SCHATTEN\u201c F\u00dcR KLAVIER UND STREICHQUINTETT<\/strong><\/p>\n\n\n\n<p><strong><em>\u201eDie umtriebige Violinistin Elena Neff Zhunke schl\u00e4gt mit dem Klangbogen eine Br\u00fccke zwischen der Ukraine, ihrem Herkunftsland, und der Schweiz, ihrem Lebensort. Mit der von ihr gegr\u00fcndeten Sinfonietta pr\u00e4sentiert sie expressive Programme mit klassischer, moderner und folkloristischer Musik aus beiden L\u00e4ndern voller Farben, Hoffnung und Freude.\u201c (Saiten-Magazin)<\/em><\/strong><\/p>\n\n\n\n<p>Es handelt sich um ein Benefiz-Konzert mit und zugunsten von Musiker*innen, die aus der Ukraine fliehen mussten, und denen wir eine Auftrittsm\u00f6glichkeit bieten wollen. Es ist ja wichtig, dass K\u00fcnstler*innen nicht aus der \u00dcbung kommen sollten, \u00f6ffentlich aufzutreten. Daf\u00fcr hat die ukrainisch-schweizerische Konzertviolinistin Elena Neff-Zhunke die Sinfonietta gegr\u00fcndet und ist mit diesem Ensemble in der Schweiz unterwegs.<\/p>\n\n\n\n<p>Elena Neff-Zhunke wird auch selbst mitauftreten und mit ihren hochvirtuosen bis halsbrecherischen Soloparts das Publikum begeistern.<\/p>\n\n\n\n<p>Zur Auff\u00fchrung kommen Werke des<\/p>\n\n\n\n<ul>\n<li>Schweizer Komponisten<strong> Frank Martin<\/strong> (1890-1974) und dessen Lehrer,<\/li>\n<\/ul>\n\n\n\n<ul>\n<li>Franz\u00f6sischen Komponisten <strong>Gabriel Faur\u00e9 <\/strong>(1845-1924), die beide 2024 ihren jeweils&nbsp;50. Todestag und 100. Todestag haben werden.<\/li>\n<\/ul>\n\n\n\n<p>Das schwerm\u00fctige Streichquartett\u00abPavane Coulers des Temps\u201cvon<strong> Frank Martin<\/strong> w\u00e4hlten die Musiker*innen als Trauermarsch f\u00fcr die Opfer des Krieges in der Ukraine.&nbsp;Und das dreissig-min\u00fctiges&nbsp;lichterf\u00fcllte&nbsp;Klavierquintett D-Mollvon<strong> Gabriel Faur\u00e9<\/strong> symbolisiert f\u00fcr die K\u00fcnstler*innen die Hoffnung auf Frieden in der Ukraine und in der ganzen Welt.<\/p>\n\n\n\n<ul>\n<li>Und vom Schweizer Komponisten und Jazzmusiker <strong>Michael Neff<\/strong> (1975*) kommt das Klavierquintett \u00abFar Away\u00bb zur Auff\u00fchrung.<\/li>\n<\/ul>\n\n\n\n<p>Den Block mit bedeutenden <strong>Ukrainischen Komponist*innen <\/strong>bilden Werke von:<\/p>\n\n\n\n<ul>\n<li>von <strong>Wassyl Barvinskyy <\/strong>(1888-1963)<strong>,<\/strong> ein Zeitgenosse von Frank Martin: Variationen \u00fcber ein Thema im ukrainischen Stil&nbsp;f\u00fcr Klavier und Streichquintett,<\/li>\n\n\n\n<li>von <strong>Myroslav Skoryk<\/strong> (1937-2019):&nbsp;Dyptych, ein wundersch\u00f6n geschriebenes und ergreifendes St\u00fcck f\u00fcr Streicher, mit seinem rasanten Tempo wie eine Vorwegnahme unserer temporeichen Gegenwart.<\/li>\n\n\n\n<li>von der ukrainischen Chorkomponistin<strong> Hanna Hawrylets (1958-2022<\/strong>): Das gebetartige St\u00fcck \u201eF\u00fcr Maria\u201c, geschrieben 1999: ein&nbsp;wichtiges Werk der Hoffnung im Repertoire der Ukrainischen MusikerInnen, und<\/li>\n\n\n\n<li>von <strong>Wiktorija Walerijiwna Poljowa<\/strong> (1962*) \u201eDie Seele\u00ab &#8211; f\u00fcr Solo Violine und Klavierquintett<\/li>\n<\/ul>\n\n\n\n<p>Im Sextett musizieren hochkar\u00e4tige Musiker*innen, die aus der Ukraine fliehen mussten, Ukrainische Musiker*innen, die ihre Heimat schon l\u00e4nger in der Schweiz haben, und bedeutende Musiker*innen aus Frankreich und Portugal:<\/p>\n\n\n\n<ul>\n<li><strong>Elena Neff Zhunke<\/strong>, Solo&nbsp;2.&nbsp;Violine Sinfonieorchester Sankt Gallen, Konzertmeisterin und k\u00fcnstlerische Leiterin Sinfonietta Sankt Gallen, nominiert f\u00fcr den&nbsp;Preis der Internationalen Bodensee-Konferenz f\u00fcr die herausragende Leistung im Bereich der Neuen Musik<\/li>\n\n\n\n<li><strong>Olga Ponomarova<\/strong>, bis 2022 Konzertmeisterin Orchester beim Oratorienchor Kyiv<\/li>\n\n\n\n<li><strong>Ricardo Gaspar<\/strong>, Solo Viola Sinfonieorchester St.Gallen<\/li>\n\n\n\n<li><strong>Mathias Johansen<\/strong>, Professor f\u00fcr Violoncello Konservatorium Feldkirch, Kammermusikpartner u.a. bei Schubertiade Hohenems<\/li>\n\n\n\n<li><strong>Oleksii Beregovyy<\/strong>, bis 2022&nbsp;Solo-Kontrabass Camerata Kyiv<\/li>\n\n\n\n<li><strong>Raissa Zhunke<\/strong>, Dozentin an der Musikschule Konservatorium Z\u00fcrich, Kammermusikpartnerin und Solistin, u.a.&nbsp;Viana Festival Portugal, Musiksommer am Z\u00fcrichsee&nbsp;<\/li>\n<\/ul>\n\n\n\n<p><\/p>\n","protected":false},"excerpt":{"rendered":"<p>KLANGBOGEN: UKRAINE \u2013 SCHWEIZ PROGRAMM \u201cLICHT UND SCHATTEN\u201c F\u00dcR KLAVIER UND STREICHQUINTETT \u201eDie umtriebige Violinistin Elena Neff Zhunke schl\u00e4gt mit dem Klangbogen eine Br\u00fccke zwischen der Ukraine, ihrem Herkunftsland, und der Schweiz, ihrem Lebensort. Mit der von ihr gegr\u00fcndeten Sinfonietta &hellip; <a href=\"https:\/\/kul-tour.ch\/wordpress\/?page_id=14234\">Weiterlesen <span class=\"meta-nav\">&rarr;<\/span><\/a><\/p>\n","protected":false},"author":1,"featured_media":0,"parent":0,"menu_order":0,"comment_status":"closed","ping_status":"closed","template":"","meta":{"ngg_post_thumbnail":0},"_links":{"self":[{"href":"https:\/\/kul-tour.ch\/wordpress\/index.php?rest_route=\/wp\/v2\/pages\/14234"}],"collection":[{"href":"https:\/\/kul-tour.ch\/wordpress\/index.php?rest_route=\/wp\/v2\/pages"}],"about":[{"href":"https:\/\/kul-tour.ch\/wordpress\/index.php?rest_route=\/wp\/v2\/types\/page"}],"author":[{"embeddable":true,"href":"https:\/\/kul-tour.ch\/wordpress\/index.php?rest_route=\/wp\/v2\/users\/1"}],"replies":[{"embeddable":true,"href":"https:\/\/kul-tour.ch\/wordpress\/index.php?rest_route=%2Fwp%2Fv2%2Fcomments&post=14234"}],"version-history":[{"count":3,"href":"https:\/\/kul-tour.ch\/wordpress\/index.php?rest_route=\/wp\/v2\/pages\/14234\/revisions"}],"predecessor-version":[{"id":14239,"href":"https:\/\/kul-tour.ch\/wordpress\/index.php?rest_route=\/wp\/v2\/pages\/14234\/revisions\/14239"}],"wp:attachment":[{"href":"https:\/\/kul-tour.ch\/wordpress\/index.php?rest_route=%2Fwp%2Fv2%2Fmedia&parent=14234"}],"curies":[{"name":"wp","href":"https:\/\/api.w.org\/{rel}","templated":true}]}}