{"id":14962,"date":"2024-11-14T13:57:14","date_gmt":"2024-11-14T11:57:14","guid":{"rendered":"https:\/\/kul-tour.ch\/wordpress\/?page_id=14962"},"modified":"2024-12-21T17:22:03","modified_gmt":"2024-12-21T15:22:03","slug":"michael-wrase-warum-wohin","status":"publish","type":"page","link":"https:\/\/kul-tour.ch\/wordpress\/?page_id=14962","title":{"rendered":"&#8222;Zeitenwende im Nahen Osten&#8220;"},"content":{"rendered":"\n<p>Der von Gazastreifen ausgegangene \u00dcberfall der islamistischen Hamas auf den S\u00fcden von Israel im Oktober 2023 hat zu einer drastischen Ver\u00e4nderung der Kr\u00e4fteverh\u00e4ltnisse im Nahen Osten gef\u00fchrt.<\/p>\n\n\n\n<p>Die israelische Armee konnte nicht nur zwei Terrororganisationen weitgehend zerst\u00f6ren. Die Niederlage der Hisbollah f\u00fchrte auch zum Sturz des Assad-Regimes und damit zum Bruch der von Iran dominierten \u201cAchse des Widerstandes\u201d.&nbsp;<\/p>\n\n\n\n<p>Das Ausmass der Gewalt im Nahen Osten war und ist nach wie vor erschreckend\u00a0 &#8211; und wirft viele Fragen auf, die Michael Wrase in seinem Vortrag zu beantworten versucht: Wird der Nahe Osten jemals zur Ruhe kommen?\u00a0 Kann Israel, dessen Ministerpr\u00e4sident Netanjahu als Kriegsverbrecher angeklagt wurde, nach seinen strategischen Siegen auch den Frieden gewinnen? Wird der von Israel gedem\u00fctigte Iran erneut mit Raketen angreifen?\u00a0 Und:\u00a0 Wie wird sich der Amtsantritt des neuen US-Pr\u00e4sidenten Donald Trump auf die prek\u00e4re Lage im Morgenland auswirken?<\/p>\n\n\n\n<p>Michael Wrase, Limassol<\/p>\n","protected":false},"excerpt":{"rendered":"<p>Der von Gazastreifen ausgegangene \u00dcberfall der islamistischen Hamas auf den S\u00fcden von Israel im Oktober 2023 hat zu einer drastischen Ver\u00e4nderung der Kr\u00e4fteverh\u00e4ltnisse im Nahen Osten gef\u00fchrt. Die israelische Armee konnte nicht nur zwei Terrororganisationen weitgehend zerst\u00f6ren. Die Niederlage der &hellip; <a href=\"https:\/\/kul-tour.ch\/wordpress\/?page_id=14962\">Weiterlesen <span class=\"meta-nav\">&rarr;<\/span><\/a><\/p>\n","protected":false},"author":1,"featured_media":0,"parent":0,"menu_order":0,"comment_status":"closed","ping_status":"closed","template":"","meta":{"ngg_post_thumbnail":0},"_links":{"self":[{"href":"https:\/\/kul-tour.ch\/wordpress\/index.php?rest_route=\/wp\/v2\/pages\/14962"}],"collection":[{"href":"https:\/\/kul-tour.ch\/wordpress\/index.php?rest_route=\/wp\/v2\/pages"}],"about":[{"href":"https:\/\/kul-tour.ch\/wordpress\/index.php?rest_route=\/wp\/v2\/types\/page"}],"author":[{"embeddable":true,"href":"https:\/\/kul-tour.ch\/wordpress\/index.php?rest_route=\/wp\/v2\/users\/1"}],"replies":[{"embeddable":true,"href":"https:\/\/kul-tour.ch\/wordpress\/index.php?rest_route=%2Fwp%2Fv2%2Fcomments&post=14962"}],"version-history":[{"count":4,"href":"https:\/\/kul-tour.ch\/wordpress\/index.php?rest_route=\/wp\/v2\/pages\/14962\/revisions"}],"predecessor-version":[{"id":15275,"href":"https:\/\/kul-tour.ch\/wordpress\/index.php?rest_route=\/wp\/v2\/pages\/14962\/revisions\/15275"}],"wp:attachment":[{"href":"https:\/\/kul-tour.ch\/wordpress\/index.php?rest_route=%2Fwp%2Fv2%2Fmedia&parent=14962"}],"curies":[{"name":"wp","href":"https:\/\/api.w.org\/{rel}","templated":true}]}}