{"id":15715,"date":"2025-10-04T15:25:44","date_gmt":"2025-10-04T13:25:44","guid":{"rendered":"https:\/\/kul-tour.ch\/wordpress\/?page_id=15715"},"modified":"2025-10-04T15:25:44","modified_gmt":"2025-10-04T13:25:44","slug":"olaf-bossi-generation-yx","status":"publish","type":"page","link":"https:\/\/kul-tour.ch\/wordpress\/?page_id=15715","title":{"rendered":"<strong>Olaf Bossi: Generation YX<\/strong>"},"content":{"rendered":"\n<p>Nostalgie trifft Lachflash! Die 80er und 90er sind zur\u00fcck \u2013 auf der B\u00fchne und in deinem Herzen!<br><br>Olaf Bossi, preisgekr\u00f6nter Comedian, Hit-Musiker (\u00abDas Modul\u00bb) und Familienmensch, nimmt dich mit auf eine Reise durch die Kultjahre deiner Jugend und das verr\u00fcckte Leben von heute. Von Wetten, dass&#8230;? bis WhatsApp-Gruppe \u2013 deine Zeitreise beginnt JETZT!<br><br>Telefonzellen, Bandsalat und Viva TV \u2013 ist das echt schon so lang her? Eigentlich sind wir doch noch Jugendliche \u2013 nur mit jahrelanger Erfahrung&#8230; und R\u00fcckenschmerzen!<br><br>Wo ist die Zeit eigentlich hin? Die Telefonzellen, die Videotheken und die Freunde von fr\u00fcher? Jetzt sind wir also erwachsen und f\u00fchren den Laden, dabei ist manchmal schon eine Eltern-WhatsApp-Gruppe eine Challenge.<br><br>Olaf holt uns zur\u00fcck in die Zeit, als wir auf Fotos noch jung aussahen (ohne Filter), und zeigt mit treffsicheren Pointen, wie verr\u00fcckt und liebenswert das Leben damals war \u2013 und heute ist.<br><br>Von Elternchaos, Alltagspannen bis zur digitalen \u00dcberforderung trifft Olaf den Nerv der Generation XY und von allen, die wissen wollen, wie wir in einer Welt ohne WLAN, aber daf\u00fcr mit Langeweile \u00fcberlebt haben. Von der Popwelt der 90er bis zur Comedy-B\u00fchne von heute.<br><br>Als Teenager der 80er wurde Olaf Gr\u00fcndungsmitglied der Top-10-Band \u00abDas Modul\u00bb und erlebte die 90er hautnah. Heute steht er mit seiner Comedy-Show und \u00abDas Modul\u00bb auf den grossen B\u00fchnen \u2013 und bringt die Zuschauer mit einer Mischung aus Nostalgie und Humor zum Strahlen.<br><br>Warum du diese Show nicht verpassen darfst? Es ist die perfekte Gelegenheit, mit Freunden die gute alte Zeit zu feiern \u2013 und gleichzeitig die verr\u00fcckte Gegenwart auf die Schippe zu nehmen.<br><br>Das ist die Show, die unser Leben ist. \u00abGeneration XY: Die 80er, die 90er und das Leben heute\u00bb \u2013 ein Abend voller Erinnerungen, Lacher und Geschichten, die uns alle verbinden.<br><br>Also schnapp dir deine Lieben, die Buffalos und das Neon-Shirt und sei dabei \u2013 diese Show wird legend\u00e4r!<\/p>\n","protected":false},"excerpt":{"rendered":"<p>Nostalgie trifft Lachflash! Die 80er und 90er sind zur\u00fcck \u2013 auf der B\u00fchne und in deinem Herzen! Olaf Bossi, preisgekr\u00f6nter Comedian, Hit-Musiker (\u00abDas Modul\u00bb) und Familienmensch, nimmt dich mit auf eine Reise durch die Kultjahre deiner Jugend und das verr\u00fcckte &hellip; <a href=\"https:\/\/kul-tour.ch\/wordpress\/?page_id=15715\">Weiterlesen <span class=\"meta-nav\">&rarr;<\/span><\/a><\/p>\n","protected":false},"author":1,"featured_media":0,"parent":0,"menu_order":0,"comment_status":"closed","ping_status":"closed","template":"","meta":{"ngg_post_thumbnail":0},"_links":{"self":[{"href":"https:\/\/kul-tour.ch\/wordpress\/index.php?rest_route=\/wp\/v2\/pages\/15715"}],"collection":[{"href":"https:\/\/kul-tour.ch\/wordpress\/index.php?rest_route=\/wp\/v2\/pages"}],"about":[{"href":"https:\/\/kul-tour.ch\/wordpress\/index.php?rest_route=\/wp\/v2\/types\/page"}],"author":[{"embeddable":true,"href":"https:\/\/kul-tour.ch\/wordpress\/index.php?rest_route=\/wp\/v2\/users\/1"}],"replies":[{"embeddable":true,"href":"https:\/\/kul-tour.ch\/wordpress\/index.php?rest_route=%2Fwp%2Fv2%2Fcomments&post=15715"}],"version-history":[{"count":1,"href":"https:\/\/kul-tour.ch\/wordpress\/index.php?rest_route=\/wp\/v2\/pages\/15715\/revisions"}],"predecessor-version":[{"id":15716,"href":"https:\/\/kul-tour.ch\/wordpress\/index.php?rest_route=\/wp\/v2\/pages\/15715\/revisions\/15716"}],"wp:attachment":[{"href":"https:\/\/kul-tour.ch\/wordpress\/index.php?rest_route=%2Fwp%2Fv2%2Fmedia&parent=15715"}],"curies":[{"name":"wp","href":"https:\/\/api.w.org\/{rel}","templated":true}]}}