{"id":15717,"date":"2025-10-04T15:27:21","date_gmt":"2025-10-04T13:27:21","guid":{"rendered":"https:\/\/kul-tour.ch\/wordpress\/?page_id=15717"},"modified":"2025-10-04T15:27:21","modified_gmt":"2025-10-04T13:27:21","slug":"toni-vescoli-solo","status":"publish","type":"page","link":"https:\/\/kul-tour.ch\/wordpress\/?page_id=15717","title":{"rendered":"<strong>Toni Vescoli <\/strong>solo"},"content":{"rendered":"\n<p>Der h\u00fcftschwingende&nbsp;<em>Rock\u2019n\u2019Roller<\/em>&nbsp;der 50-er Jahre, der&nbsp;<em>Swiss Beatle<\/em>&nbsp;aus den 60-ties mit seinen LES SAUTERELLES, der&nbsp;<em>Mundart-Folky<\/em>&nbsp;der 70-er und 80-er Jahre und der&nbsp;<em>Singer-Songwriter<\/em>&nbsp;mit VESCOLI &amp; Co in den 90-ern, ist zwar schon l\u00e4ngst \u00fcber das Pensions-Alter hinaus, denkt aber noch lange nicht ans Aufh\u00f6ren.<\/p>\n\n\n\n<p>Neben den erfolgreichen Auftritten mit seinen Sauterelles ist er immer wieder SOLO mit einem zeitlosen Mundart-Programm unterwegs.<\/p>\n\n\n\n<p>Toni Vescoli tritt allein auf; ohne Playbacks, allerdings mit einer ganzen &#8222;Batterie&#8220; an elektrischen, akustischen und blechernen Gitarren, gezupft, geschlagen und geslidet. Nat\u00fcrlich d\u00fcrfen auch die Mundharmonikas nicht fehlen. Den soliden Boden bildet zudem Toni\u2019s stampfender Fuss, verst\u00e4rkt durch das im Stiefel eingebaute Trigger Mikrofon.<\/p>\n\n\n\n<p>Sein Programm ist ein Querschnitt durch all die vielen Vescoli Jahre. Songs aus seinen Anf\u00e4ngen als Rock\u2019n\u2019Roller bis zu seinen neuesten Liedern. Die Liste seiner Kompositionen und Cover-Versionen ist lang und macht es ihm nicht leicht sich zu entscheiden &#8211; nicht was er spielen, sondern was er weglassen soll!<\/p>\n\n\n\n<p>Es werden Lieder aus den Anf\u00e4ngen seiner &#8222;Mundart-Zeit&#8220;, aus den drei VESCOLI&amp;Co Alben und nat\u00fcrlich auch ein paar der beliebten Bob Dylan \u00dcbersetzungen im Programm sein. Nat\u00fcrlich Songs aus den&nbsp;Alben TEGSASS und 66, in Mundart und Englisch. Ein grooviger, rootsiger Mix aus Folk, Rock und Blues und einem Schuss Country, AMERICANA l\u00e4sst gr\u00fcssen.<\/p>\n","protected":false},"excerpt":{"rendered":"<p>Der h\u00fcftschwingende&nbsp;Rock\u2019n\u2019Roller&nbsp;der 50-er Jahre, der&nbsp;Swiss Beatle&nbsp;aus den 60-ties mit seinen LES SAUTERELLES, der&nbsp;Mundart-Folky&nbsp;der 70-er und 80-er Jahre und der&nbsp;Singer-Songwriter&nbsp;mit VESCOLI &amp; Co in den 90-ern, ist zwar schon l\u00e4ngst \u00fcber das Pensions-Alter hinaus, denkt aber noch lange nicht ans Aufh\u00f6ren. &hellip; <a href=\"https:\/\/kul-tour.ch\/wordpress\/?page_id=15717\">Weiterlesen <span class=\"meta-nav\">&rarr;<\/span><\/a><\/p>\n","protected":false},"author":1,"featured_media":0,"parent":0,"menu_order":0,"comment_status":"closed","ping_status":"closed","template":"","meta":{"ngg_post_thumbnail":0},"_links":{"self":[{"href":"https:\/\/kul-tour.ch\/wordpress\/index.php?rest_route=\/wp\/v2\/pages\/15717"}],"collection":[{"href":"https:\/\/kul-tour.ch\/wordpress\/index.php?rest_route=\/wp\/v2\/pages"}],"about":[{"href":"https:\/\/kul-tour.ch\/wordpress\/index.php?rest_route=\/wp\/v2\/types\/page"}],"author":[{"embeddable":true,"href":"https:\/\/kul-tour.ch\/wordpress\/index.php?rest_route=\/wp\/v2\/users\/1"}],"replies":[{"embeddable":true,"href":"https:\/\/kul-tour.ch\/wordpress\/index.php?rest_route=%2Fwp%2Fv2%2Fcomments&post=15717"}],"version-history":[{"count":1,"href":"https:\/\/kul-tour.ch\/wordpress\/index.php?rest_route=\/wp\/v2\/pages\/15717\/revisions"}],"predecessor-version":[{"id":15718,"href":"https:\/\/kul-tour.ch\/wordpress\/index.php?rest_route=\/wp\/v2\/pages\/15717\/revisions\/15718"}],"wp:attachment":[{"href":"https:\/\/kul-tour.ch\/wordpress\/index.php?rest_route=%2Fwp%2Fv2%2Fmedia&parent=15717"}],"curies":[{"name":"wp","href":"https:\/\/api.w.org\/{rel}","templated":true}]}}