{"id":16052,"date":"2026-03-27T11:04:11","date_gmt":"2026-03-27T09:04:11","guid":{"rendered":"https:\/\/kul-tour.ch\/wordpress\/?page_id=16052"},"modified":"2026-03-29T09:20:35","modified_gmt":"2026-03-29T07:20:35","slug":"stefan-rankl-tenor-und-stephan-buchegger-gitarre","status":"publish","type":"page","link":"https:\/\/kul-tour.ch\/wordpress\/?page_id=16052","title":{"rendered":"Gastspiel"},"content":{"rendered":"\n<p class=\"has-medium-font-size\"><strong>&#8222;Der Ohrwurm und die Liebe&#8220;<\/strong><\/p>\n\n\n\n<p class=\"has-medium-font-size\"><strong>Stefan-A. Rankl, Tenor, Schauspieler und Kabarettist <br>&amp; Stephan Buchegger, Gitarre<\/strong><\/p>\n\n\n\n<p><strong>Konzert und Kabaret<\/strong>t<\/p>\n\n\n\n<p>Ein Universit\u00e4tsprofessor, der die 1930er-Jahre selbst als junger Studiosus&nbsp;erlebt hat und uns heute &#8211; im Jahr 2025 &#8211; \u00fcber&nbsp;die Schlagermusik von damals aufkl\u00e4rt?<\/p>\n\n\n\n<p>Gibt es nicht? Gibt es doch &#8211; auf der Theaterb\u00fchne jedenfalls!<\/p>\n\n\n\n<p>Mehr noch: Die&nbsp;Vita des musikkundigen Mannes hat mehrfach selbst in die Texte dieser alten (Liebes-)Lieder Einzug gehalten. Er pr\u00e4sentiert seine Erkenntnisse und Forschungsergebnisse im Rahmen einer gro\u00dfen Vorlesung. Und: Er tr\u00e4gt ehemalige Super-Hits wie &#8222;Wenn ich w\u00fc\u00dft\u00b4,&nbsp;wen ich gek\u00fc\u00dft &#8230;&#8220;, &#8222;Ich bin ja heute so verliebt&#8220; und &#8222;Musik, Musik, Musik&#8220; h\u00f6chstselbst singend vor &#8211; an&nbsp;der Gitarre begleitet von einem alten Freund aus damaliger Zeit.<\/p>\n\n\n\n<p>Bei so viel Inbrunst, mit der sich der Herr Professor in sein Fachgebiet und in die alten Schlager vertieft, k\u00f6nnte sogar ein seit Jahrzehnten getr\u00e4umter Traum wahr werden &#8211; der n\u00e4mlich, dass Janine, eine Kurzzeit-Liebschaft von einst, ins Hier und Heute zur\u00fcckkehrt.<\/p>\n\n\n\n<p>S\u00e4nger Stefan-A. Rankl und&nbsp;Gitarrist Stephan Buchegger widmen sich einen Abend lang und&nbsp;mit gro\u00dfer Begeisterung&nbsp;der Schlagermusik der 1930er-Jahre. Meist sind es Musikst\u00fccke, die damals oder kurz darauf Einzug in die Kinofilme&nbsp;gefunden haben.<\/p>\n\n\n\n<p>Rund um den Liederabend haben Rankl und Buchegger gemeinsam mit AKKU-Obmann Kurt Daucher ein Theaterst\u00fcck erarbeitet, mit dem sie ganz besonders tief in die ebenso h\u00f6renswert spannende wie rundum unterhaltsame Materie vordringen.<\/p>\n\n\n\n<p>Texte: Kurt Daucher<\/p>\n\n\n\n<div class=\"is-layout-flex wp-container-3 wp-block-columns\">\n<div class=\"is-layout-flow wp-block-column\">\n<figure class=\"wp-block-image size-full is-resized\"><a href=\"http:\/\/kul-tour.ch\/wordpress\/wp-content\/uploads\/2022\/10\/Stefan-Rankl-GdKg.jpg\"><img decoding=\"async\" loading=\"lazy\" src=\"http:\/\/kul-tour.ch\/wordpress\/wp-content\/uploads\/2022\/10\/Stefan-Rankl-GdKg.jpg\" alt=\"\" class=\"wp-image-12826\" width=\"243\" height=\"240\"\/><\/a><\/figure>\n<\/div>\n\n\n\n<div class=\"is-layout-flow wp-block-column\">\n<p><em><strong>Stefan-Alexander Rankl<\/strong> studierte nach der Matura und der Ausbildung zum Musik-und Deutschlehrer&nbsp;Sologesang&nbsp;an der Hochschule Mozarteum bei KS K.-Chr. K<\/em>ohn und <em>Horiana Branisteanu.&nbsp;Im Jahr 1997 schloss er das Studium&nbsp;Lied und Oratorium&nbsp;am Brucknerkonservatorium in Linz bei Prof. Thomas Kerbl mit einstimmiger Auszeichnung ab.<\/em><\/p>\n<\/div>\n<\/div>\n\n\n\n<figure class=\"wp-block-table\"><table><tbody><tr><td><em>1999 schloss er das Studium zur Erlangung des&nbsp;Solistendiploms&nbsp;bei Kurt Widmer an der Musikhochschule Basel mit Auszeichnung ab. Stefan-Alexander Rankl war Preistr\u00e4ger am Internationalen Bach Wettbewerb Leipzig 1998 mit der besten Interpretation einer Arie aus J.S. Bachs Weihnachtsoratorium.<\/em><br><br><em><strong>Als Solist am Stadttheater St. Gallen<\/strong> war Stefan-A. Rankl in folgenden Werken zu h\u00f6ren:<\/em><\/td><\/tr><tr><td>1<em>998\/1999&nbsp;<strong>Leonetto<\/strong>&nbsp;in F. v. Supp\u00e9s&nbsp;Boccacio1998\/1999&nbsp;<strong>Harlekin<\/strong>&nbsp;in V. Ullmanns&nbsp;Kaiser von Atlantis1999\/2000&nbsp;<strong>Jaquino<\/strong>&nbsp;in L. v. Betthovens&nbsp;Fidelio1999\/2000&nbsp;<strong>Isauro<\/strong>&nbsp;in A. Lottis&nbsp;Teofane2000\/2001&nbsp;<strong>Pedrillo\/ Belmonte<\/strong>&nbsp;in W.A. Mozarts&nbsp;Entf\u00fchrung aus dem Serail2000\/2001&nbsp;<strong>Gustl<\/strong>&nbsp;in F. L\u00e9hars&nbsp;Land des L\u00e4chelns2000\/2001&nbsp;<strong>Wenzel<\/strong>&nbsp;in B. Sm\u00e9tanas&nbsp;Verkaufte Braut2001\/2002&nbsp;<strong>Tamino<\/strong>&nbsp;in W.A. Mozarts&nbsp;Zauberfl\u00f6te<\/em><\/td><\/tr><tr><td><em><strong>Favoriten:<\/strong> Belmonte, Don Ottavio, Ferrando (Mozart)Oratorien von Haydn, Bach (Arien &amp; Evangelist) und MendelssohnLiederzyklen von Schubert und Schumann<\/em>.<\/td><\/tr><\/tbody><\/table><\/figure>\n\n\n\n<p><\/p>\n\n\n\n<p><\/p>\n\n\n\n<p><\/p>\n","protected":false},"excerpt":{"rendered":"<p>&#8222;Der Ohrwurm und die Liebe&#8220; Stefan-A. Rankl, Tenor, Schauspieler und Kabarettist &amp; Stephan Buchegger, Gitarre Konzert und Kabarett Ein Universit\u00e4tsprofessor, der die 1930er-Jahre selbst als junger Studiosus&nbsp;erlebt hat und uns heute &#8211; im Jahr 2025 &#8211; \u00fcber&nbsp;die Schlagermusik von damals &hellip; <a href=\"https:\/\/kul-tour.ch\/wordpress\/?page_id=16052\">Weiterlesen <span class=\"meta-nav\">&rarr;<\/span><\/a><\/p>\n","protected":false},"author":1,"featured_media":0,"parent":0,"menu_order":0,"comment_status":"closed","ping_status":"closed","template":"","meta":{"ngg_post_thumbnail":0},"_links":{"self":[{"href":"https:\/\/kul-tour.ch\/wordpress\/index.php?rest_route=\/wp\/v2\/pages\/16052"}],"collection":[{"href":"https:\/\/kul-tour.ch\/wordpress\/index.php?rest_route=\/wp\/v2\/pages"}],"about":[{"href":"https:\/\/kul-tour.ch\/wordpress\/index.php?rest_route=\/wp\/v2\/types\/page"}],"author":[{"embeddable":true,"href":"https:\/\/kul-tour.ch\/wordpress\/index.php?rest_route=\/wp\/v2\/users\/1"}],"replies":[{"embeddable":true,"href":"https:\/\/kul-tour.ch\/wordpress\/index.php?rest_route=%2Fwp%2Fv2%2Fcomments&post=16052"}],"version-history":[{"count":26,"href":"https:\/\/kul-tour.ch\/wordpress\/index.php?rest_route=\/wp\/v2\/pages\/16052\/revisions"}],"predecessor-version":[{"id":16089,"href":"https:\/\/kul-tour.ch\/wordpress\/index.php?rest_route=\/wp\/v2\/pages\/16052\/revisions\/16089"}],"wp:attachment":[{"href":"https:\/\/kul-tour.ch\/wordpress\/index.php?rest_route=%2Fwp%2Fv2%2Fmedia&parent=16052"}],"curies":[{"name":"wp","href":"https:\/\/api.w.org\/{rel}","templated":true}]}}