{"id":1865,"date":"2013-01-02T14:08:36","date_gmt":"2013-01-02T12:08:36","guid":{"rendered":"http:\/\/kul-tour.ch\/wordpress\/?page_id=1865"},"modified":"2026-04-03T11:00:23","modified_gmt":"2026-04-03T09:00:23","slug":"kontakt","status":"publish","type":"page","link":"https:\/\/kul-tour.ch\/wordpress\/?page_id=1865","title":{"rendered":"Kontakt \/ \u00dcbernachtung"},"content":{"rendered":"<p style=\"text-align: left;\">KUL-TOUR<br>auf V\u00f6gelinsegg<br>Elsbeth Gallusser und Peter von Tessin<br>Hohr\u00fcti 1<br>9042 Speicher<br>071 340 09 01<br>info@kul-tour.ch<\/p>\n<p style=\"text-align: center;\">Unsere <strong>\u00dcbernachtungsempfehlung<\/strong>: Hotel Krone in Speicher: <br><span class=\"LrzXr\">Hauptstrasse 34, <\/span><span class=\"LrzXr\">9042 Speicher, <\/span><span class=\"w8qArf\">Telefon<span class=\"eTVOZd\">:<\/span> <\/span><span class=\"LrzXr zdqRlf kno-fv\"><span aria-label=\"071 343 67 00 anrufen\">071 343 67 00<br><a href=\"https:\/\/krone-speicher.ch\/\" target=\"_blank\" rel=\"noopener\">https:\/\/krone-speicher.ch\/ <\/a><a href=\"mailto:info@krone-speicher.ch\">info@krone-speicher.ch<\/a><\/span><\/span><\/p>\n\n\n<figure class=\"wp-block-image size-full\"><img decoding=\"async\" loading=\"lazy\" width=\"754\" height=\"512\" src=\"https:\/\/kul-tour.ch\/wordpress\/wp-content\/uploads\/2022\/11\/csm_krone_01_a5_f880510c68.jpg\" alt=\"\" class=\"wp-image-13192\" srcset=\"https:\/\/kul-tour.ch\/wordpress\/wp-content\/uploads\/2022\/11\/csm_krone_01_a5_f880510c68.jpg 754w, https:\/\/kul-tour.ch\/wordpress\/wp-content\/uploads\/2022\/11\/csm_krone_01_a5_f880510c68-300x204.jpg 300w, https:\/\/kul-tour.ch\/wordpress\/wp-content\/uploads\/2022\/11\/csm_krone_01_a5_f880510c68-442x300.jpg 442w\" sizes=\"(max-width: 754px) 100vw, 754px\" \/><figcaption class=\"wp-element-caption\"><strong><a href=\"https:\/\/krone-speicher.ch\/\" target=\"_blank\" rel=\"noreferrer noopener\">Hotel Krone: Irgendwann zwischen 1920 und 1940<\/a><\/strong><\/figcaption><\/figure>\n\n\n\n<p class=\"has-background\" style=\"background-color:#383838c7\">KUL-TOUR auf V\u00f6gelinsegg &amp; <a rel=\"noreferrer noopener\" href=\"https:\/\/kul-tour.ch\/wordpress\/?page_id=13143\" data-type=\"page\" data-id=\"13143\" target=\"_blank\">Stiftung Pro Latina<\/a><br>Hohr\u00fcti 1, 9042 Speicher<br>071 340 09 01<br>info(at)kul-tour.ch<\/p>\n","protected":false},"excerpt":{"rendered":"<p>KUL-TOURauf V\u00f6gelinseggElsbeth Gallusser und Peter von TessinHohr\u00fcti 19042 Speicher071 340 09 01info@kul-tour.ch Unsere \u00dcbernachtungsempfehlung: Hotel Krone in Speicher: Hauptstrasse 34, 9042 Speicher, Telefon: 071 343 67 00https:\/\/krone-speicher.ch\/ info@krone-speicher.ch KUL-TOUR auf V\u00f6gelinsegg &amp; Stiftung Pro LatinaHohr\u00fcti 1, 9042 Speicher071 340 09 &hellip; <a href=\"https:\/\/kul-tour.ch\/wordpress\/?page_id=1865\">Weiterlesen <span class=\"meta-nav\">&rarr;<\/span><\/a><\/p>\n","protected":false},"author":1,"featured_media":0,"parent":59,"menu_order":0,"comment_status":"closed","ping_status":"closed","template":"","meta":{"ngg_post_thumbnail":0},"_links":{"self":[{"href":"https:\/\/kul-tour.ch\/wordpress\/index.php?rest_route=\/wp\/v2\/pages\/1865"}],"collection":[{"href":"https:\/\/kul-tour.ch\/wordpress\/index.php?rest_route=\/wp\/v2\/pages"}],"about":[{"href":"https:\/\/kul-tour.ch\/wordpress\/index.php?rest_route=\/wp\/v2\/types\/page"}],"author":[{"embeddable":true,"href":"https:\/\/kul-tour.ch\/wordpress\/index.php?rest_route=\/wp\/v2\/users\/1"}],"replies":[{"embeddable":true,"href":"https:\/\/kul-tour.ch\/wordpress\/index.php?rest_route=%2Fwp%2Fv2%2Fcomments&post=1865"}],"version-history":[{"count":32,"href":"https:\/\/kul-tour.ch\/wordpress\/index.php?rest_route=\/wp\/v2\/pages\/1865\/revisions"}],"predecessor-version":[{"id":16099,"href":"https:\/\/kul-tour.ch\/wordpress\/index.php?rest_route=\/wp\/v2\/pages\/1865\/revisions\/16099"}],"up":[{"embeddable":true,"href":"https:\/\/kul-tour.ch\/wordpress\/index.php?rest_route=\/wp\/v2\/pages\/59"}],"wp:attachment":[{"href":"https:\/\/kul-tour.ch\/wordpress\/index.php?rest_route=%2Fwp%2Fv2%2Fmedia&parent=1865"}],"curies":[{"name":"wp","href":"https:\/\/api.w.org\/{rel}","templated":true}]}}