{"id":2226,"date":"2013-01-08T21:51:10","date_gmt":"2013-01-08T19:51:10","guid":{"rendered":"http:\/\/kul-tour.ch\/wordpress\/?page_id=2226"},"modified":"2013-02-17T14:48:20","modified_gmt":"2013-02-17T12:48:20","slug":"wir-danken-unseren-sponsoren","status":"publish","type":"page","link":"https:\/\/kul-tour.ch\/wordpress\/?page_id=2226","title":{"rendered":"Wir danken unseren Sponsoren&#8230;"},"content":{"rendered":"<p><img decoding=\"async\" loading=\"lazy\" title=\"Goldvreneli\" alt=\"\" src=\"http:\/\/kul-tour.ch\/wordpress\/wp-content\/uploads\/2012\/12\/Goldvreneli1-e1356651606681.jpg\" width=\"800\" height=\"224\" \/>Wir danken unseren <strong>Sponsoren<\/strong> f\u00fcr ihre grossz\u00fcgige Unterst\u00fctzung!<\/p>\n<p align=\"left\">Damit unser Kleintheater &#8222;KUL-TOUR auf V\u00f6gelinsegg&#8220; sein reichhaltiges Programm auch in Zukunft pr\u00e4sentieren kann, sind wir auf die Grossz\u00fcgigkeit und das kulturelle Engagement von Sponsoren angewiesen. F\u00fcr Ihr Sponsoring bieten wir auch etwas:<\/p>\n<ul type=\"square\">\n<li>Erw\u00e4hnung des Sponsoren in unserer Homepage (mit Logo und Internetlink) und in unseren E-Mail-Ausschreibungen<\/li>\n<li>Aushang der Sponsorenliste in unserem Theater und bei Veranstaltungen<\/li>\n<li>zwei Gratis-Eintritte mit Men\u00fc pro Jahr<\/li>\n<\/ul>\n<p>M\u00f6chten auch Sie bei uns Sponsor werden? Sie sind herzlich dazu eingeladen! Sie unterst\u00fctzen dann nicht nur unser Theater sondern auch unser Indigena-Frauenprojekt<br \/>\n&#8222;Selbstversorgung f\u00fcr die Familie&#8220; in Ecuadors Anden.<\/p>\n<p><a href=\"http:\/\/kul-tour.ch\/wordpress\/wp-content\/uploads\/2012\/12\/Sponsoring-Vertag2.pdf\">Sponsoring-Vertrag<\/a>\u00a0zum Herunterladen<\/p>\n","protected":false},"excerpt":{"rendered":"<p>Wir danken unseren Sponsoren f\u00fcr ihre grossz\u00fcgige Unterst\u00fctzung! Damit unser Kleintheater &#8222;KUL-TOUR auf V\u00f6gelinsegg&#8220; sein reichhaltiges Programm auch in Zukunft pr\u00e4sentieren kann, sind wir auf die Grossz\u00fcgigkeit und das kulturelle Engagement von Sponsoren angewiesen. F\u00fcr Ihr Sponsoring bieten wir auch &hellip; <a href=\"https:\/\/kul-tour.ch\/wordpress\/?page_id=2226\">Weiterlesen <span class=\"meta-nav\">&rarr;<\/span><\/a><\/p>\n","protected":false},"author":1,"featured_media":0,"parent":0,"menu_order":0,"comment_status":"closed","ping_status":"closed","template":"","meta":{"ngg_post_thumbnail":0},"_links":{"self":[{"href":"https:\/\/kul-tour.ch\/wordpress\/index.php?rest_route=\/wp\/v2\/pages\/2226"}],"collection":[{"href":"https:\/\/kul-tour.ch\/wordpress\/index.php?rest_route=\/wp\/v2\/pages"}],"about":[{"href":"https:\/\/kul-tour.ch\/wordpress\/index.php?rest_route=\/wp\/v2\/types\/page"}],"author":[{"embeddable":true,"href":"https:\/\/kul-tour.ch\/wordpress\/index.php?rest_route=\/wp\/v2\/users\/1"}],"replies":[{"embeddable":true,"href":"https:\/\/kul-tour.ch\/wordpress\/index.php?rest_route=%2Fwp%2Fv2%2Fcomments&post=2226"}],"version-history":[{"count":6,"href":"https:\/\/kul-tour.ch\/wordpress\/index.php?rest_route=\/wp\/v2\/pages\/2226\/revisions"}],"predecessor-version":[{"id":3106,"href":"https:\/\/kul-tour.ch\/wordpress\/index.php?rest_route=\/wp\/v2\/pages\/2226\/revisions\/3106"}],"wp:attachment":[{"href":"https:\/\/kul-tour.ch\/wordpress\/index.php?rest_route=%2Fwp%2Fv2%2Fmedia&parent=2226"}],"curies":[{"name":"wp","href":"https:\/\/api.w.org\/{rel}","templated":true}]}}