{"id":2535,"date":"2013-01-22T21:40:02","date_gmt":"2013-01-22T19:40:02","guid":{"rendered":"http:\/\/kul-tour.ch\/wordpress\/?page_id=2535"},"modified":"2025-12-11T08:58:28","modified_gmt":"2025-12-11T06:58:28","slug":"gutscheine-2","status":"publish","type":"page","link":"https:\/\/kul-tour.ch\/wordpress\/?page_id=2535","title":{"rendered":"Gutscheine"},"content":{"rendered":"<p>Unsere Gutscheine sind stets ein beliebtes Pr\u00e4sent.<br>F\u00fcr Fr.65.- schenken Sie Ihren Lieben einen<br>Eintritt f\u00fcr eine Vorstellung nach Wahl in das Esskleintheater<br>KUL-TOUR auf V\u00f6gelinsegg und ein leckerer<br>Genussteller mit Dessert aus der Theaterk\u00fcche.<br>Bestellen: 071 340 09 01 oder vontessin(at)bluewin.ch<\/p>\n\n\n<p class=\"has-background\" style=\"background-color:#383838c7\">KUL-TOUR auf V\u00f6gelinsegg &amp; <a rel=\"noreferrer noopener\" href=\"https:\/\/kul-tour.ch\/wordpress\/?page_id=13143\" data-type=\"page\" data-id=\"13143\" target=\"_blank\">Stiftung Pro Latina<\/a><br>Hohr\u00fcti 1, 9042 Speicher<br>071 340 09 01<br>info(at)kul-tour.ch<\/p>\n","protected":false},"excerpt":{"rendered":"<p>Unsere Gutscheine sind stets ein beliebtes Pr\u00e4sent.F\u00fcr Fr.65.- schenken Sie Ihren Lieben einenEintritt f\u00fcr eine Vorstellung nach Wahl in das EsskleintheaterKUL-TOUR auf V\u00f6gelinsegg und ein leckererGenussteller mit Dessert aus der Theaterk\u00fcche.Bestellen: 071 340 09 01 oder vontessin(at)bluewin.ch KUL-TOUR auf V\u00f6gelinsegg &hellip; <a href=\"https:\/\/kul-tour.ch\/wordpress\/?page_id=2535\">Weiterlesen <span class=\"meta-nav\">&rarr;<\/span><\/a><\/p>\n","protected":false},"author":1,"featured_media":0,"parent":0,"menu_order":0,"comment_status":"closed","ping_status":"closed","template":"","meta":{"ngg_post_thumbnail":0},"_links":{"self":[{"href":"https:\/\/kul-tour.ch\/wordpress\/index.php?rest_route=\/wp\/v2\/pages\/2535"}],"collection":[{"href":"https:\/\/kul-tour.ch\/wordpress\/index.php?rest_route=\/wp\/v2\/pages"}],"about":[{"href":"https:\/\/kul-tour.ch\/wordpress\/index.php?rest_route=\/wp\/v2\/types\/page"}],"author":[{"embeddable":true,"href":"https:\/\/kul-tour.ch\/wordpress\/index.php?rest_route=\/wp\/v2\/users\/1"}],"replies":[{"embeddable":true,"href":"https:\/\/kul-tour.ch\/wordpress\/index.php?rest_route=%2Fwp%2Fv2%2Fcomments&post=2535"}],"version-history":[{"count":25,"href":"https:\/\/kul-tour.ch\/wordpress\/index.php?rest_route=\/wp\/v2\/pages\/2535\/revisions"}],"predecessor-version":[{"id":15933,"href":"https:\/\/kul-tour.ch\/wordpress\/index.php?rest_route=\/wp\/v2\/pages\/2535\/revisions\/15933"}],"wp:attachment":[{"href":"https:\/\/kul-tour.ch\/wordpress\/index.php?rest_route=%2Fwp%2Fv2%2Fmedia&parent=2535"}],"curies":[{"name":"wp","href":"https:\/\/api.w.org\/{rel}","templated":true}]}}