{"id":4648,"date":"2014-02-26T19:53:18","date_gmt":"2014-02-26T17:53:18","guid":{"rendered":"http:\/\/kul-tour.ch\/wordpress\/?page_id=4648"},"modified":"2024-02-01T12:50:50","modified_gmt":"2024-02-01T10:50:50","slug":"die-stiftung-pro-latina","status":"publish","type":"page","link":"https:\/\/kul-tour.ch\/wordpress\/?page_id=4648","title":{"rendered":"Die Stiftung &#8211; Spendenkonto"},"content":{"rendered":"<h1>KUL-TOUR auf V\u00f6gelinsegg ist ein Non-Profit-Unternehmen<\/h1>\n<h1><img decoding=\"async\" loading=\"lazy\" class=\"alignnone wp-image-4657\" src=\"http:\/\/kul-tour.ch\/wordpress\/wp-content\/uploads\/2014\/02\/dorfleute2-gut1.jpg\" alt=\"Dorfleute f.Pro Latina\" width=\"513\" height=\"340\" srcset=\"https:\/\/kul-tour.ch\/wordpress\/wp-content\/uploads\/2014\/02\/dorfleute2-gut1.jpg 513w, https:\/\/kul-tour.ch\/wordpress\/wp-content\/uploads\/2014\/02\/dorfleute2-gut1-300x198.jpg 300w, https:\/\/kul-tour.ch\/wordpress\/wp-content\/uploads\/2014\/02\/dorfleute2-gut1-452x300.jpg 452w\" sizes=\"(max-width: 513px) 100vw, 513px\" \/><\/h1>\n<p>S\u00e4mtliche Ertr\u00e4ge aus unserer Gastromomie, Trinkgelder und Spenden gehen an unsere <strong>Stiftung Pro Latina.<\/strong> Ebenso der Erl\u00f6s unseres kleinen <a title=\"Theater-Shop\" href=\"http:\/\/kul-tour.ch\/wordpress\/?page_id=2180\" target=\"_blank\" rel=\"noopener noreferrer\">Shops<\/a> mit Kunstthandwerk und Schmuck aus S\u00fcdamerika. Mit dieser Stiftung unterst\u00fctzen wir Bergbauern- und Frauenprojekte hoch in den Anden Ecuadors.&nbsp;<\/p>\n<h1><strong>Spendenkonto Pro Latina: St. Galler Kantonalbank:<\/strong><br><strong><em>IBAN CH44 0078&nbsp; 1015&nbsp; 5362&nbsp; 2760&nbsp; 9<\/em><\/strong><\/h1>\n<p><img decoding=\"async\" loading=\"lazy\" class=\"alignnone wp-image-4670\" src=\"http:\/\/kul-tour.ch\/wordpress\/wp-content\/uploads\/2014\/02\/Landschadft-f.-homepage.jpg\" alt=\"Landschadft f. homepage\" width=\"513\" height=\"355\"><\/p>\n<p>&nbsp;<\/p>\n\n\n<p class=\"has-background\" style=\"background-color:#383838c7\">KUL-TOUR auf V\u00f6gelinsegg &amp; <a rel=\"noreferrer noopener\" href=\"https:\/\/kul-tour.ch\/wordpress\/?page_id=13143\" data-type=\"page\" data-id=\"13143\" target=\"_blank\">Stiftung Pro Latina<\/a><br>Hohr\u00fcti 1, 9042 Speicher<br>071 340 09 01<br>info(at)@kul-tour.ch<\/p>\n","protected":false},"excerpt":{"rendered":"<p>KUL-TOUR auf V\u00f6gelinsegg ist ein Non-Profit-Unternehmen S\u00e4mtliche Ertr\u00e4ge aus unserer Gastromomie, Trinkgelder und Spenden gehen an unsere Stiftung Pro Latina. Ebenso der Erl\u00f6s unseres kleinen Shops mit Kunstthandwerk und Schmuck aus S\u00fcdamerika. Mit dieser Stiftung unterst\u00fctzen wir Bergbauern- und Frauenprojekte &hellip; <a href=\"https:\/\/kul-tour.ch\/wordpress\/?page_id=4648\">Weiterlesen <span class=\"meta-nav\">&rarr;<\/span><\/a><\/p>\n","protected":false},"author":1,"featured_media":0,"parent":2045,"menu_order":0,"comment_status":"closed","ping_status":"closed","template":"","meta":{"ngg_post_thumbnail":0},"_links":{"self":[{"href":"https:\/\/kul-tour.ch\/wordpress\/index.php?rest_route=\/wp\/v2\/pages\/4648"}],"collection":[{"href":"https:\/\/kul-tour.ch\/wordpress\/index.php?rest_route=\/wp\/v2\/pages"}],"about":[{"href":"https:\/\/kul-tour.ch\/wordpress\/index.php?rest_route=\/wp\/v2\/types\/page"}],"author":[{"embeddable":true,"href":"https:\/\/kul-tour.ch\/wordpress\/index.php?rest_route=\/wp\/v2\/users\/1"}],"replies":[{"embeddable":true,"href":"https:\/\/kul-tour.ch\/wordpress\/index.php?rest_route=%2Fwp%2Fv2%2Fcomments&post=4648"}],"version-history":[{"count":39,"href":"https:\/\/kul-tour.ch\/wordpress\/index.php?rest_route=\/wp\/v2\/pages\/4648\/revisions"}],"predecessor-version":[{"id":14512,"href":"https:\/\/kul-tour.ch\/wordpress\/index.php?rest_route=\/wp\/v2\/pages\/4648\/revisions\/14512"}],"up":[{"embeddable":true,"href":"https:\/\/kul-tour.ch\/wordpress\/index.php?rest_route=\/wp\/v2\/pages\/2045"}],"wp:attachment":[{"href":"https:\/\/kul-tour.ch\/wordpress\/index.php?rest_route=%2Fwp%2Fv2%2Fmedia&parent=4648"}],"curies":[{"name":"wp","href":"https:\/\/api.w.org\/{rel}","templated":true}]}}