{"id":6262,"date":"2015-10-19T21:03:57","date_gmt":"2015-10-19T19:03:57","guid":{"rendered":"http:\/\/kul-tour.ch\/wordpress\/?page_id=6262"},"modified":"2021-02-09T17:12:41","modified_gmt":"2021-02-09T15:12:41","slug":"spendekonto","status":"publish","type":"page","link":"https:\/\/kul-tour.ch\/wordpress\/?page_id=6262","title":{"rendered":"Spendenkonto"},"content":{"rendered":"<p><a href=\"http:\/\/kul-tour.ch\/wordpress\/wp-content\/uploads\/2015\/10\/IMG_0219.jpg\"><img decoding=\"async\" loading=\"lazy\" class=\"alignright size-large wp-image-6269\" src=\"http:\/\/kul-tour.ch\/wordpress\/wp-content\/uploads\/2015\/10\/IMG_0219-1024x768.jpg\" alt=\"IMG_0219\" width=\"584\" height=\"438\"><\/a><\/p>\n<p>Wir freuen uns \u00fcber jede Zuwendung und wissen sie nachhaltig in unserem Bergbauernprojekt in Ecuador einzusetzen. Ihre Spende k\u00f6nnen Sie von&nbsp;der Einkommenssteuer absetzen.<\/p>\n<p>Pro Latina, Stiftung f\u00fcr Projekte in Lateinamerika, Speicher AR<br \/>\nSt. Galler Kantonalbank<br \/>\n<em>IBAN: CH44 0078 1015 5362 2760 9<\/em><\/p>\n","protected":false},"excerpt":{"rendered":"<p>Wir freuen uns \u00fcber jede Zuwendung und wissen sie nachhaltig in unserem Bergbauernprojekt in Ecuador einzusetzen. Ihre Spende k\u00f6nnen Sie von&nbsp;der Einkommenssteuer absetzen. Pro Latina, Stiftung f\u00fcr Projekte in Lateinamerika, Speicher AR St. Galler Kantonalbank IBAN: CH44 0078 1015 5362 &hellip; <a href=\"https:\/\/kul-tour.ch\/wordpress\/?page_id=6262\">Weiterlesen <span class=\"meta-nav\">&rarr;<\/span><\/a><\/p>\n","protected":false},"author":1,"featured_media":0,"parent":0,"menu_order":0,"comment_status":"closed","ping_status":"closed","template":"","meta":{"ngg_post_thumbnail":0},"_links":{"self":[{"href":"https:\/\/kul-tour.ch\/wordpress\/index.php?rest_route=\/wp\/v2\/pages\/6262"}],"collection":[{"href":"https:\/\/kul-tour.ch\/wordpress\/index.php?rest_route=\/wp\/v2\/pages"}],"about":[{"href":"https:\/\/kul-tour.ch\/wordpress\/index.php?rest_route=\/wp\/v2\/types\/page"}],"author":[{"embeddable":true,"href":"https:\/\/kul-tour.ch\/wordpress\/index.php?rest_route=\/wp\/v2\/users\/1"}],"replies":[{"embeddable":true,"href":"https:\/\/kul-tour.ch\/wordpress\/index.php?rest_route=%2Fwp%2Fv2%2Fcomments&post=6262"}],"version-history":[{"count":6,"href":"https:\/\/kul-tour.ch\/wordpress\/index.php?rest_route=\/wp\/v2\/pages\/6262\/revisions"}],"predecessor-version":[{"id":10748,"href":"https:\/\/kul-tour.ch\/wordpress\/index.php?rest_route=\/wp\/v2\/pages\/6262\/revisions\/10748"}],"wp:attachment":[{"href":"https:\/\/kul-tour.ch\/wordpress\/index.php?rest_route=%2Fwp%2Fv2%2Fmedia&parent=6262"}],"curies":[{"name":"wp","href":"https:\/\/api.w.org\/{rel}","templated":true}]}}