{"id":644,"date":"2012-12-10T20:55:50","date_gmt":"2012-12-10T18:55:50","guid":{"rendered":"http:\/\/kul-tour.ch\/wordpress\/?page_id=644"},"modified":"2024-02-01T12:54:27","modified_gmt":"2024-02-01T10:54:27","slug":"fotos","status":"publish","type":"page","link":"https:\/\/kul-tour.ch\/wordpress\/?page_id=644","title":{"rendered":"Bilder"},"content":{"rendered":"<p><a href=\"http:\/\/kul-tour.ch\/wordpress\/?page_id=12686\" target=\"_blank\" rel=\"noopener\">Galerie der K\u00fcnstler<\/a><\/p>\n<p><a href=\"http:\/\/kul-tour.ch\/wordpress\/?page_id=12635\">Theaterbilder<\/a><\/p>\n\n\n<p class=\"has-background\" style=\"background-color:#383838c7\">KUL-TOUR auf V\u00f6gelinsegg &amp; <a rel=\"noreferrer noopener\" href=\"https:\/\/kul-tour.ch\/wordpress\/?page_id=13143\" data-type=\"page\" data-id=\"13143\" target=\"_blank\">Stiftung Pro Latina<\/a><br>Hohr\u00fcti 1, 9042 Speicher<br>071 340 09 01<br>info(at)kul-tour.ch<\/p>\n\n\n\n<p><\/p>\n","protected":false},"excerpt":{"rendered":"<p>Galerie der K\u00fcnstler Theaterbilder KUL-TOUR auf V\u00f6gelinsegg &amp; Stiftung Pro LatinaHohr\u00fcti 1, 9042 Speicher071 340 09 01info(at)kul-tour.ch<\/p>\n","protected":false},"author":2,"featured_media":0,"parent":0,"menu_order":0,"comment_status":"closed","ping_status":"closed","template":"","meta":{"ngg_post_thumbnail":0},"_links":{"self":[{"href":"https:\/\/kul-tour.ch\/wordpress\/index.php?rest_route=\/wp\/v2\/pages\/644"}],"collection":[{"href":"https:\/\/kul-tour.ch\/wordpress\/index.php?rest_route=\/wp\/v2\/pages"}],"about":[{"href":"https:\/\/kul-tour.ch\/wordpress\/index.php?rest_route=\/wp\/v2\/types\/page"}],"author":[{"embeddable":true,"href":"https:\/\/kul-tour.ch\/wordpress\/index.php?rest_route=\/wp\/v2\/users\/2"}],"replies":[{"embeddable":true,"href":"https:\/\/kul-tour.ch\/wordpress\/index.php?rest_route=%2Fwp%2Fv2%2Fcomments&post=644"}],"version-history":[{"count":20,"href":"https:\/\/kul-tour.ch\/wordpress\/index.php?rest_route=\/wp\/v2\/pages\/644\/revisions"}],"predecessor-version":[{"id":14517,"href":"https:\/\/kul-tour.ch\/wordpress\/index.php?rest_route=\/wp\/v2\/pages\/644\/revisions\/14517"}],"wp:attachment":[{"href":"https:\/\/kul-tour.ch\/wordpress\/index.php?rest_route=%2Fwp%2Fv2%2Fmedia&parent=644"}],"curies":[{"name":"wp","href":"https:\/\/api.w.org\/{rel}","templated":true}]}}